{"id":527,"date":"2016-09-15T12:17:29","date_gmt":"2016-09-15T10:17:29","guid":{"rendered":"http:\/\/dev160-pos.atzoo.de\/nl\/?page_id=527"},"modified":"2016-09-15T12:17:29","modified_gmt":"2016-09-15T10:17:29","slug":"contact-impressum","status":"publish","type":"page","link":"https:\/\/www.fleckenportal.de\/nl\/contact-impressum\/","title":{"rendered":"Contact \/ Impressum"},"content":{"rendered":"<p><strong>Uitgever<\/strong><br \/>\nPOS Polsterservice GmbH<br \/>\nM\u00fchlenpfad 2<br \/>\n53547 Hausen<br \/>\nDuitsland<\/p>\n<p>Telefoon +49 2638 &#8211; 921 700<br \/>\nTelefax +49 2638 &#8211; 921 600<\/p>\n<p><a href=\"mailto:info@pos-sg.com\">info@pos-sg.com<\/a><br \/>\n<a href=\"http:\/\/www.pos-sg.com\">www.pos-sg.com<\/a><\/p>\n<p><strong>Konzept, Design &amp; Entwicklung<\/strong><br \/>\nNetvertainment \u2013 Ein Unternehmen der COUNTERPART GROUP<br \/>\nKamekestra\u00dfe 21<br \/>\n50672 K\u00f6ln<br \/>\nTel. +49 221-9514410<\/p>\n<p><a href=\"http:\/\/www.netvertainment.de\/\" target=\"blank\">www.netvertainment.de<\/a><br \/>\n<a href=\"mailto:info@netvertainment.de\">info@netvertainment.de<\/a><\/p>\n<p><strong>Gesch\u00e4ftsf\u00fchrende Gesellschafter<\/strong><br \/>\nGabriella Schnell-Horbach, Christoph Horbach<\/p>\n<p><strong>Registergericht:<\/strong> Amtsgericht Montabaur<br \/>\n<strong>Registernummer:<\/strong> HRB 11981<\/p>\n<p><strong>Umsatzsteuer-Identifikationsnummer gem\u00e4\u00df \u00a7 27 a Umsatzsteuergesetz:<\/strong> DE 149 528 911<br \/>\n<strong>Steuernummer:<\/strong> ST 32\/670\/0816\/6<\/p>\n<p><strong>Inhaltlich Verantwortlicher gem\u00e4\u00df \u00a7 10 Absatz 3 MDStV:<\/strong> Peter Horbach<\/p>\n<p><strong>Haftungshinweis:<\/strong> Trotz sorgf\u00e4ltiger inhaltlicher Kontrolle \u00fcbernehmen wir keine Haftung f\u00fcr die Inhalte externer Links. F\u00fcr den Inhalt der verlinkten Seiten sind ausschlie\u00dflich deren Betreiber verantwortlich.<\/p>\n<p><strong>Konzept &amp; Design<\/strong><br \/>\nwww.counterpart.de<\/p>\n<p><strong>Google Analytics<\/strong><br \/>\n\u201eDiese Website benutzt Google Analytics, einen Webanalysedienst der Google Inc. (\u201eGoogle\u201c). Google Analytics verwendet sog. \u201eCookies\u201c, Textdateien, die auf Ihrem Computer gespeichert werden und die eine Analyse der Benutzung der Website durch Sie erm\u00f6glichen. Die durch den Cookie erzeugten Informationen \u00fcber Ihre Benutzung dieser Website (einschlie\u00dflich Ihrer IP-Adresse) wird an einen Server von Google in den USA \u00fcbertragen und dort gespeichert. Google wird diese Informationen benutzen, um Ihre Nutzung der Website auszuwerten, um Reports \u00fcber die Websiteaktivit\u00e4ten f\u00fcr die Websitebetreiber zusammenzustellen und um weitere mit der Websitenutzung und der Internetnutzung verbundene Dienstleistungen zu erbringen. Auch wird Google diese Informationen gegebenenfalls an Dritte \u00fcbertragen, sofern dies gesetzlich vorgeschrieben oder soweit Dritte diese Daten im Auftrag von Google verarbeiten. Google wird in keinem Fall Ihre IP-Adresse mit anderen Daten von Google in Verbindung bringen. Sie k\u00f6nnen die Installation der Cookies durch eine entsprechende Einstellung Ihrer Browser Software verhindern; wir weisen Sie jedoch darauf hin, dass Sie in diesem Fall gegebenenfalls nicht s\u00e4mtliche Funktionen dieser Website vollumf\u00e4nglich nutzen k\u00f6nnen. Durch die Nutzung dieser Website erkl\u00e4ren Sie sich mit der Bearbeitung der \u00fcber Sie erhobenen Daten durch Google in der zuvor beschriebenen Art und Weise und zu dem zuvor benannten Zweck einverstanden.<br \/>\nDatenschutz<\/p>\n<p>Soweit auf unseren Seiten personenbezogene Daten (beispielsweise Name, Anschrift oder eMail-Adressen) erhoben werden, erfolgt dies soweit m\u00f6glich stets auf freiwilliger Basis. Die Nutzung der Angebote und Dienste ist, soweit m\u00f6glich, stets ohne Angabe personenbezogener Daten m\u00f6glich.<\/p>\n<p>Wir weisen darauf hin, dass die Daten\u00fcbertragung im Internet (z.B. bei der Kommunikation per E-Mail) Sicherheitsl\u00fccken aufweisen kann. Ein l\u00fcckenloser Schutz der Daten vor dem Zugriff durch Dritte ist nicht m\u00f6glich.<\/p>\n<p>Der Nutzung von im Rahmen der Impressumspflicht ver\u00f6ffentlichten Kontaktdaten durch Dritte zur \u00dcbersendung von nicht ausdr\u00fccklich angeforderter Werbung und Informationsmaterialien wird hiermit ausdr\u00fccklich widersprochen. Die Betreiber der Seiten behalten sich ausdr\u00fccklich rechtliche Schritte im Falle der unverlangten Zusendung von Werbeinformationen, etwa durch Spam-Mails, vor.<\/p>\n","protected":false},"excerpt":{"rendered":"<p>Uitgever POS Polsterservice GmbH M\u00fchlenpfad 2 53547 Hausen Duitsland Telefoon +49 2638 &#8211; 921 700 Telefax +49 2638 &#8211; 921 600 info@pos-sg.com www.pos-sg.com Konzept, Design &amp; Entwicklung Netvertainment \u2013 Ein Unternehmen der COUNTERPART GROUP Kamekestra\u00dfe 21 50672 K\u00f6ln Tel. +49 221-9514410 www.netvertainment.de info@netvertainment.de Gesch\u00e4ftsf\u00fchrende Gesellschafter Gabriella Schnell-Horbach, Christoph Horbach Registergericht: Amtsgericht Montabaur Registernummer: HRB 11981 [&hellip;]<\/p>\n","protected":false},"author":1,"featured_media":0,"parent":0,"menu_order":0,"comment_status":"open","ping_status":"open","template":"","meta":[],"_links":{"self":[{"href":"https:\/\/www.fleckenportal.de\/nl\/wp-json\/wp\/v2\/pages\/527"}],"collection":[{"href":"https:\/\/www.fleckenportal.de\/nl\/wp-json\/wp\/v2\/pages"}],"about":[{"href":"https:\/\/www.fleckenportal.de\/nl\/wp-json\/wp\/v2\/types\/page"}],"author":[{"embeddable":true,"href":"https:\/\/www.fleckenportal.de\/nl\/wp-json\/wp\/v2\/users\/1"}],"replies":[{"embeddable":true,"href":"https:\/\/www.fleckenportal.de\/nl\/wp-json\/wp\/v2\/comments?post=527"}],"version-history":[{"count":0,"href":"https:\/\/www.fleckenportal.de\/nl\/wp-json\/wp\/v2\/pages\/527\/revisions"}],"wp:attachment":[{"href":"https:\/\/www.fleckenportal.de\/nl\/wp-json\/wp\/v2\/media?parent=527"}],"curies":[{"name":"wp","href":"https:\/\/api.w.org\/{rel}","templated":true}]}}